{"id":45,"date":"2019-09-29T19:25:10","date_gmt":"2019-09-29T19:25:10","guid":{"rendered":"http:\/\/call-as.de\/?page_id=45"},"modified":"2022-08-28T10:50:20","modified_gmt":"2022-08-28T10:50:20","slug":"jobs","status":"publish","type":"page","link":"https:\/\/call-as.de\/?page_id=45","title":{"rendered":"\u00dcber uns"},"content":{"rendered":"\n<p><strong>NEXT direct \u2013 Telefonmarketing aus einer Hand<br><\/strong><br>Das Service Center Next direct aus M\u00fcnster wurde im Jahr 1998 gegr\u00fcndet. Seitdem stehen wir als kompetenter Ansprechpartner f\u00fcr Ihr Unternehmen in allen Fragen rund um den telefonischen Kundenkontakt zur Verf\u00fcgung.<br><br>NEXT direct verf\u00fcgt \u00fcber langj\u00e4hrige Erfahrungen in verschiedenen Branchen, von denen Ihr Unternehmen profitieren kann. Besonders im Bereich Touristik arbeiten wir seit vielen Jahren erfolgreich mit unseren Gesch\u00e4ftspartnern zusammen.<br><br>Dabei k\u00f6nnen wir Ihnen als Customer-Service-Center sowohl Outbound-, als auch Inbound-Leistungen aus einer Hand anbieten.<br><br>In den entsprechenden Men\u00fcpunkten sind unsere Dienstleistungen im \u00dcberblick zusammengestellt.<br><br>F\u00fcr Fragen zu unseren Leistungen und f\u00fcr individuelle Angebote stehen wir Ihnen gerne zur Verf\u00fcgung.<\/p>\n\n\n\n<p><br>Ihr Detlef Brunsch<br>Gesch\u00e4ftsf\u00fchrer Next direct<br><a href=\"mailto:db@call-as.de\" target=\"_blank\" rel=\"noreferrer noopener\">db@call-as.de<\/a><\/p>\n","protected":false},"excerpt":{"rendered":"<p>NEXT direct \u2013 Telefonmarketing aus einer HandDas Service Center Next direct aus M\u00fcnster wurde im Jahr 1998 gegr\u00fcndet. Seitdem stehen wir als kompetenter Ansprechpartner f\u00fcr Ihr Unternehmen in allen Fragen rund um den telefonischen Kundenkontakt zur Verf\u00fcgung. NEXT direct verf\u00fcgt \u00fcber langj\u00e4hrige Erfahrungen in verschiedenen Branchen, von denen Ihr Unternehmen profitieren kann. Besonders im Bereich &#8230; <a title=\"\u00dcber uns\" class=\"read-more\" href=\"https:\/\/call-as.de\/?page_id=45\" aria-label=\"Mehr dazu unter \u00dcber uns\">Weiterlesen<\/a><\/p>\n","protected":false},"author":1,"featured_media":0,"parent":0,"menu_order":0,"comment_status":"closed","ping_status":"closed","template":"","meta":{"footnotes":""},"_links":{"self":[{"href":"https:\/\/call-as.de\/index.php?rest_route=\/wp\/v2\/pages\/45"}],"collection":[{"href":"https:\/\/call-as.de\/index.php?rest_route=\/wp\/v2\/pages"}],"about":[{"href":"https:\/\/call-as.de\/index.php?rest_route=\/wp\/v2\/types\/page"}],"author":[{"embeddable":true,"href":"https:\/\/call-as.de\/index.php?rest_route=\/wp\/v2\/users\/1"}],"replies":[{"embeddable":true,"href":"https:\/\/call-as.de\/index.php?rest_route=%2Fwp%2Fv2%2Fcomments&post=45"}],"version-history":[{"count":5,"href":"https:\/\/call-as.de\/index.php?rest_route=\/wp\/v2\/pages\/45\/revisions"}],"predecessor-version":[{"id":229,"href":"https:\/\/call-as.de\/index.php?rest_route=\/wp\/v2\/pages\/45\/revisions\/229"}],"wp:attachment":[{"href":"https:\/\/call-as.de\/index.php?rest_route=%2Fwp%2Fv2%2Fmedia&parent=45"}],"curies":[{"name":"wp","href":"https:\/\/api.w.org\/{rel}","templated":true}]}}