{"id":37,"date":"2019-09-29T19:17:51","date_gmt":"2019-09-29T19:17:51","guid":{"rendered":"http:\/\/call-as.de\/?page_id=37"},"modified":"2019-09-30T01:20:33","modified_gmt":"2019-09-30T01:20:33","slug":"international-services","status":"publish","type":"page","link":"https:\/\/call-as.de\/?page_id=37","title":{"rendered":"International Services"},"content":{"rendered":"\n<ul><li>Services f\u00fcr ausl\u00e4ndische  Firmen in Deutschland<\/li><li>Services f\u00fcr deutsche  Firmen im Ausland<\/li><li>Mehrsprachige Dienste<\/li><li>\u00dcbersetzungen<\/li><\/ul>\n","protected":false},"excerpt":{"rendered":"<p>Services f\u00fcr ausl\u00e4ndische Firmen in Deutschland Services f\u00fcr deutsche Firmen im Ausland Mehrsprachige Dienste \u00dcbersetzungen<\/p>\n","protected":false},"author":1,"featured_media":0,"parent":0,"menu_order":0,"comment_status":"closed","ping_status":"closed","template":"","meta":{"footnotes":""},"_links":{"self":[{"href":"https:\/\/call-as.de\/index.php?rest_route=\/wp\/v2\/pages\/37"}],"collection":[{"href":"https:\/\/call-as.de\/index.php?rest_route=\/wp\/v2\/pages"}],"about":[{"href":"https:\/\/call-as.de\/index.php?rest_route=\/wp\/v2\/types\/page"}],"author":[{"embeddable":true,"href":"https:\/\/call-as.de\/index.php?rest_route=\/wp\/v2\/users\/1"}],"replies":[{"embeddable":true,"href":"https:\/\/call-as.de\/index.php?rest_route=%2Fwp%2Fv2%2Fcomments&post=37"}],"version-history":[{"count":2,"href":"https:\/\/call-as.de\/index.php?rest_route=\/wp\/v2\/pages\/37\/revisions"}],"predecessor-version":[{"id":192,"href":"https:\/\/call-as.de\/index.php?rest_route=\/wp\/v2\/pages\/37\/revisions\/192"}],"wp:attachment":[{"href":"https:\/\/call-as.de\/index.php?rest_route=%2Fwp%2Fv2%2Fmedia&parent=37"}],"curies":[{"name":"wp","href":"https:\/\/api.w.org\/{rel}","templated":true}]}}