{"id":25,"date":"2019-09-29T19:02:05","date_gmt":"2019-09-29T19:02:05","guid":{"rendered":"http:\/\/call-as.de\/?page_id=25"},"modified":"2019-09-30T01:32:38","modified_gmt":"2019-09-30T01:32:38","slug":"inbound","status":"publish","type":"page","link":"https:\/\/call-as.de\/?page_id=25","title":{"rendered":"Inbound"},"content":{"rendered":"\n<ul><li>Durch unsere flexiblen Inbound-L\u00f6sungen k\u00f6nnen wir Ihren Kunden   professionalle Serviceleistungen und Informationen bieten, ganz nach   Ihren individuellen Vorstellungen und Bed\u00fcrfnissen. Unsere   Telemarketing-L\u00f6sungen im Bereich Inbound umfassen zum Beispiel die   folgenden Leistungen:<br><br><\/li><li><strong>Service-Hotlines<\/strong><br>F\u00f6rderung einer optimalen Kundenbetreuung durch Verkauf-, Service- und Informations-Hotlin<br><br><\/li><li><strong>Kundendienst<\/strong><br>Bearbeitung von Bestellungen, Buchungen und Beschwerden, sowie Beratung Ihrer Kunden, auch speziell im Bereich Touristik<br><br><\/li><li><strong>Fulfillment<\/strong><br>Begleitende Ma\u00dfnahmen zum Inbound-Telemarketing,  z.B. Versand von  Katalogen und Informationsmaterial, Erstellung von  Reiseunterlagen,  Retourenmanagement etc.<\/li><\/ul>\n\n\n\n<p>F\u00fcr ihre individuellen Anforderungen und Bed\u00fcrfnisse stellen wir Ihnen ma\u00dfgeschneiderte L\u00f6sungen zur Verf\u00fcgung.<\/p>\n\n\n\n<p><strong>Ihr Ansprechpartner:<\/strong><br>Detlef Brunsch <br>Inhaber <br>Tel. 0251 \/ 92772-0<br>Email: <a href=\"mailto:db@call-as.de\">db@call-as.de<\/a><\/p>\n\n\n\n<p><\/p>\n","protected":false},"excerpt":{"rendered":"<p>Durch unsere flexiblen Inbound-L\u00f6sungen k\u00f6nnen wir Ihren Kunden professionalle Serviceleistungen und Informationen bieten, ganz nach Ihren individuellen Vorstellungen und Bed\u00fcrfnissen. Unsere Telemarketing-L\u00f6sungen im Bereich Inbound umfassen zum Beispiel die folgenden Leistungen: Service-HotlinesF\u00f6rderung einer optimalen Kundenbetreuung durch Verkauf-, Service- und Informations-Hotlin KundendienstBearbeitung von Bestellungen, Buchungen und Beschwerden, sowie Beratung Ihrer Kunden, auch speziell im Bereich Touristik &#8230; <a title=\"Inbound\" class=\"read-more\" href=\"https:\/\/call-as.de\/?page_id=25\" aria-label=\"Mehr dazu unter Inbound\">Weiterlesen<\/a><\/p>\n","protected":false},"author":1,"featured_media":0,"parent":0,"menu_order":0,"comment_status":"closed","ping_status":"closed","template":"","meta":{"footnotes":""},"_links":{"self":[{"href":"https:\/\/call-as.de\/index.php?rest_route=\/wp\/v2\/pages\/25"}],"collection":[{"href":"https:\/\/call-as.de\/index.php?rest_route=\/wp\/v2\/pages"}],"about":[{"href":"https:\/\/call-as.de\/index.php?rest_route=\/wp\/v2\/types\/page"}],"author":[{"embeddable":true,"href":"https:\/\/call-as.de\/index.php?rest_route=\/wp\/v2\/users\/1"}],"replies":[{"embeddable":true,"href":"https:\/\/call-as.de\/index.php?rest_route=%2Fwp%2Fv2%2Fcomments&post=25"}],"version-history":[{"count":8,"href":"https:\/\/call-as.de\/index.php?rest_route=\/wp\/v2\/pages\/25\/revisions"}],"predecessor-version":[{"id":199,"href":"https:\/\/call-as.de\/index.php?rest_route=\/wp\/v2\/pages\/25\/revisions\/199"}],"wp:attachment":[{"href":"https:\/\/call-as.de\/index.php?rest_route=%2Fwp%2Fv2%2Fmedia&parent=25"}],"curies":[{"name":"wp","href":"https:\/\/api.w.org\/{rel}","templated":true}]}}